{"id":6401,"date":"2023-05-29T12:21:28","date_gmt":"2023-05-29T12:21:28","guid":{"rendered":"https:\/\/www.hariduskeskus.ee\/rahvusvaheline\/?page_id=6401"},"modified":"2026-04-09T10:40:14","modified_gmt":"2026-04-09T10:40:14","slug":"opilaste-kandideerimine","status":"publish","type":"page","link":"https:\/\/www.hariduskeskus.ee\/rahvusvaheline\/kandideerimine\/opilaste-kandideerimine\/","title":{"rendered":"\u00d5pilaste kandideerimine"},"content":{"rendered":"\t\t<div data-elementor-type=\"wp-page\" data-elementor-id=\"6401\" class=\"elementor elementor-6401\">\n\t\t\t\t\t\t<section class=\"penci-section penci-disSticky penci-structure-10 elementor-section elementor-top-section elementor-element elementor-element-8a29b85 elementor-section-boxed elementor-section-height-default elementor-section-height-default\" data-id=\"8a29b85\" data-element_type=\"section\" data-e-type=\"section\">\n\t\t\t\t\t\t<div class=\"elementor-container elementor-column-gap-default\">\n\t\t\t\t\t<div class=\"penci-ercol-100 penci-ercol-order-1 penci-sticky-ct    elementor-column elementor-col-100 elementor-top-column elementor-element elementor-element-f7596f2\" data-id=\"f7596f2\" data-element_type=\"column\" data-e-type=\"column\">\n\t\t\t<div class=\"elementor-widget-wrap elementor-element-populated\">\n\t\t\t\t\t\t<div class=\"elementor-element elementor-element-e0493e0 elementor-widget elementor-widget-text-editor\" data-id=\"e0493e0\" data-element_type=\"widget\" data-e-type=\"widget\" data-widget_type=\"text-editor.default\">\n\t\t\t\t<div class=\"elementor-widget-container\">\n\t\t\t\t\t\t\t\t\t<pre style=\"font-weight: var( --e-global-typography-primary-font-weight ); font-family: var( --e-global-typography-primary-font-family ), Sans-serif; letter-spacing: normal; text-align: center;\" data-elementor-setting-key=\"title\" data-pen-placeholder=\"Type Here...\">Kandideeri<strong> \u00f5pir\u00e4ndesse <a href=\"https:\/\/docs.google.com\/forms\/d\/e\/1FAIpQLSchLIbP9hEvHnoTcKdGAERc2-81NDo2ds1oJ4skFI4f9HayJA\/viewform?usp=sharing&amp;ouid=113106918496772921188\" target=\"_blank\" rel=\"noopener\">SIIN<\/a><\/strong><\/pre><p>Kandideerimine v\u00e4lispraktikale toimub <strong>01<\/strong><b>.04-30.04.2026.<br \/><\/b>Ootame kandidaate, kes soovivad oma praktika j\u00e4rgmisel \u00f5ppeaastal (2026\/2027) v\u00e4lismaal sooritada. Kandideerida v\u00f5ivad ka vilistlased, kes soovivad p\u00e4rast l\u00f5petamist v\u00e4lispraktikale minna.<\/p>\t\t\t\t\t\t\t\t<\/div>\n\t\t\t\t<\/div>\n\t\t\t\t\t<\/div>\n\t\t<\/div>\n\t\t\t\t\t<\/div>\n\t\t<\/section>\n\t\t\t\t<section class=\"penci-section penci-disSticky penci-structure-10 elementor-section elementor-top-section elementor-element elementor-element-16feb80 elementor-section-boxed elementor-section-height-default elementor-section-height-default\" data-id=\"16feb80\" data-element_type=\"section\" data-e-type=\"section\">\n\t\t\t\t\t\t<div class=\"elementor-container elementor-column-gap-default\">\n\t\t\t\t\t<div class=\"penci-ercol-100 penci-ercol-order-1 penci-sticky-ct    elementor-column elementor-col-100 elementor-top-column elementor-element elementor-element-c5b263c\" data-id=\"c5b263c\" data-element_type=\"column\" data-e-type=\"column\">\n\t\t\t<div class=\"elementor-widget-wrap elementor-element-populated\">\n\t\t\t\t\t\t<div class=\"elementor-element elementor-element-e7770b6 elementor-widget__width-initial elementor-widget elementor-widget-text-editor\" data-id=\"e7770b6\" data-element_type=\"widget\" data-e-type=\"widget\" data-widget_type=\"text-editor.default\">\n\t\t\t\t<div class=\"elementor-widget-container\">\n\t\t\t\t\t\t\t\t\t<p><strong>Vajalikud dokumendid:<\/strong><br \/>1.<a href=\"https:\/\/docs.google.com\/forms\/d\/e\/1FAIpQLSchLIbP9hEvHnoTcKdGAERc2-81NDo2ds1oJ4skFI4f9HayJA\/viewform?usp=sharing&amp;ouid=113106918496772921188\" target=\"_blank\" rel=\"noopener\"><b> Avaldus<\/b><\/a> (j\u00e4lgi, et k\u00f5ik n\u00f5utud v\u00e4ljad oleksid t\u00e4idetud);<br \/>2. Ingliskeelne motivatsioonikiri (vt juhist allpool);<br \/>3. Ingliskeelne Europass CV (Europassi CV juhist <a href=\"https:\/\/www.youtube.com\/watch?v=dOF73pJ4zgM&amp;ab_channel=EurodeskBrusselsLink\" target=\"_blank\" rel=\"noopener\"><b>SIIT<\/b><\/a> ja <a href=\"https:\/\/www.youtube.com\/watch?v=dl4_1rCclCI\" target=\"_blank\" rel=\"noopener\"><b>SIIT<\/b><\/a>);<br \/><span style=\"text-align: justify;\">4. <b>Alaealise vanema luba<\/b>, mille saad alla laadida <a href=\"https:\/\/www.hariduskeskus.ee\/rahvusvaheline\/wp-content\/uploads\/2025\/04\/PKHK-vanema-nousolek-alaealisele.pdf\" target=\"_blank\" rel=\"noopener\"><b>SIIT<\/b><\/a><b>. <\/b>Alaealise reisimise puhul on vajalik ka rahvastikuregistri v\u00e4ljav\u00f5te, mille lapsevanem saab tellida l\u00e4bi\u00a0<\/span><a href=\"https:\/\/www.rahvastikuregister.ee\/\" target=\"_blank\" rel=\"noopener\">rahvastikuregistri<\/a><span style=\"text-align: justify;\">\u00a0portaali.\u00a0<b>Lisainfot leiad\u00a0<\/b><\/span><b><a href=\"https:\/\/reisitargalt.vm.ee\/lastega-reisimine\/\" target=\"_blank\" rel=\"noopener\">ReisiTargalt<\/a><span style=\"text-align: justify;\">\u00a0lehelt. NB! Vanema luba on sul vaja ainult siis, kui praktikale mineku hetkel oled alaealine, kandideerimiseks seda vaja pole.<\/span><\/b><\/p><p><b>Saada oma kandideerimise juurde kuuluvad dokumendid hiljemalt 30. aprilliks erasmus@hariduskeskus.ee<\/b><\/p><p><strong>Hindamine<\/strong><\/p><p>\u00d5pir\u00e4nde konkursi komisjon<span style=\"color: inherit; font-family: inherit; font-size: inherit; font-weight: inherit; text-align: inherit;\">\u00a0kuuluvad: projektijuhid, praktikakorraldajad ning vastavalt vajadusele kutse\u00f5petaja, v\u00f5\u00f5rkeele\u00f5petaja ja r\u00fchmajuhataja.\u00a0<\/span><\/p><p><span style=\"color: inherit; font-family: inherit; font-size: inherit; font-weight: inherit; text-align: inherit;\">Hinnatakse \u00f5pilase edastatud dokumente, \u00f5ppeedukust,\u00a0<\/span><span style=\"color: inherit; font-family: inherit; font-size: inherit; font-weight: inherit; text-align: inherit;\">motiveeritust, kohusetunne\/suhtumine \u00f5pir\u00e4ndesse ja \u00f5ppet\u00f6\u00f6sse (s.h p\u00f5hjuseta puudumised), koost\u00f6\u00f6valmidust, pingetaluvust, probleemilahendamise oskust, tolerantsust, avatust ja keeleoskuse taset.<\/span><\/p><p><strong>\u00a0<\/strong><\/p><p><strong>ABIKS KANDIDEERIMISEL<\/strong><strong><br \/><\/strong><\/p><p><strong>Motivatsioonikiri<\/strong><br \/>Motivatsioonikirjas kirjelda oma erialaseid oskuseid, tugevusi ning praktika eesm\u00e4rki. Motivatsioonikirjas saate juhtida t\u00e4helepanu oma tugevatele k\u00fclgedele ja senistele t\u00f6\u00f6- ja praktikaalastele saavutustele. R\u00f5huge oma oskuste, kogemuste ja hariduse neid aspekte, mis tulevad antud praktikakohale kasuks. Lisaks v\u00f5ib l\u00fchidalt kirjeldada oma hobisid ja muid huvisid. Samuti kirjelda, mida Sa sellest praktika kogemusest ootad ning mida soovid praktika k\u00e4igus juurde \u00f5ppida. <br \/>Motivatsioonikirja kirjutades pidage meeles, et selle sisu peab \u00e4ratama praktikaettev\u00f5tte suurema huvi teie vastu. Kuna kandideerimise hetkel pole praktikaettev\u00f5te teada, siis adresseerige kiri umbisikuliselt. <br \/>Motivatsioonikirja maksimaalne pikkus on tavaliselt \u00fcks lehek\u00fclg. Soovitatav on kasutada m\u00f5nd enamlevinud kirja\u0161rifti, nagu n\u00e4iteks Times New Roman v\u00f5i Arial kirjasuurusega vahemikus 10-12.<br \/>M\u00f5ned <strong><span style=\"color: #008000;\"><a style=\"color: #008000;\" href=\"https:\/\/www.teeviit.ee\/mis-on-motivatsioonikiri\/\" target=\"_blank\" rel=\"noopener\">soovitused<\/a><\/span><\/strong> heaks motivatsioonikirja koostamiseks.<\/p><p><strong>Europassi CV<\/strong><br \/><a href=\"https:\/\/europa.eu\/europass\/en\" target=\"_blank\" rel=\"noopener\"><strong><span style=\"color: #008000;\">Europass<\/span><\/strong>\u00a0<strong><span style=\"color: #008000;\">CV<\/span><\/strong><\/a> on \u00fcle-Euroopaliselt tunnustatud formaadis CV.<br \/>Europass CV t\u00e4itmise teevad lihtsaks juhendmaterjalid ning n\u00e4ited, millede abil saad ennast ise anal\u00fc\u00fcsida. Erilist t\u00e4helepanu on p\u00f6\u00f6ratud oma erinevate oskuste s\u00f5nastamisele. <br \/>Europassi CV-d koosta inglise keeles, kuna valituks osutudes saadab projektijuht selle edasi vastuv\u00f5tvale organisatsioonile, kes leiab sulle praktikakoha. Mida p\u00f5hjalikumalt koostatud CV, seda suurem v\u00f5imalus on sul oma unistuste praktika kohta praktikale saada! <br \/>Europassi CV puhul kehtivad samad p\u00f5him\u00f5tted, mis teistegi CV-de puhul. \u00d5igekiri, korrektsus, l\u00e4bim\u00f5eldud ja konkreetne tekst, kohustuslik on lisada ametlik foto (dokumendifoto leiad eesti.ee lehelt n\u00e4iteks) &#8211; need on iga CV alus. Kindlasti lisa oma CV`sse eelnevad erialaga seotud t\u00f6\u00f6kogemused v\u00f5i nende puudumisel k\u00f5ik eelnevad ettev\u00f5tte praktikad. Samuti lisa hariduse lahtrisse, lisaks koolile, oma eriala, mida omandad ning k\u00f5ik eelnevalt l\u00e4bitud erialased moodulid.\u00a0<br \/>Europassi CV muutmine ei ole raske, sest juba olemasolevat CV on v\u00f5imalik uuesti \u00fcles laadida Europass CV keskkonda ja olemasolevat teksti muuta v\u00f5i t\u00e4iendada.<\/p><p><b>Vaata ka Youtube videosid nii Europassi CV olemuse kui t\u00e4itmise kohta\u00a0<\/b><a href=\"https:\/\/www.youtube.com\/watch?v=dOF73pJ4zgM&amp;ab_channel=EurodeskBrusselsLink\" target=\"_blank\" rel=\"noopener\"><b>SIIT<\/b><\/a><b>\u00a0ja\u00a0<a href=\"https:\/\/www.youtube.com\/watch?v=dl4_1rCclCI\" target=\"_blank\" rel=\"noopener\">SIIT<\/a>:<\/b><\/p><p>Rohkem infot kandideerimise kohta saad, kui kirjutad erasmus@hariduskeskus.ee. Vajadusel saab leppida kokku kohtumisaja<\/p>\t\t\t\t\t\t\t\t<\/div>\n\t\t\t\t<\/div>\n\t\t\t\t\t<\/div>\n\t\t<\/div>\n\t\t\t\t\t<\/div>\n\t\t<\/section>\n\t\t\t\t<\/div>\n\t\t","protected":false},"excerpt":{"rendered":"<p>Kandideeri \u00f5pir\u00e4ndesse SIIN Kandideerimine v\u00e4lispraktikale toimub 01.04-30.04.2026.Ootame kandidaate, kes soovivad oma praktika j\u00e4rgmisel \u00f5ppeaastal (2026\/2027) v\u00e4lismaal sooritada. Kandideerida v\u00f5ivad ka&hellip;<\/p>\n","protected":false},"author":4,"featured_media":9346,"parent":1529,"menu_order":0,"comment_status":"closed","ping_status":"closed","template":"","meta":{"_lmt_disableupdate":"","_lmt_disable":"","footnotes":""},"class_list":["post-6401","page","type-page","status-publish","has-post-thumbnail","hentry"],"_links":{"self":[{"href":"https:\/\/www.hariduskeskus.ee\/rahvusvaheline\/wp-json\/wp\/v2\/pages\/6401","targetHints":{"allow":["GET"]}}],"collection":[{"href":"https:\/\/www.hariduskeskus.ee\/rahvusvaheline\/wp-json\/wp\/v2\/pages"}],"about":[{"href":"https:\/\/www.hariduskeskus.ee\/rahvusvaheline\/wp-json\/wp\/v2\/types\/page"}],"author":[{"embeddable":true,"href":"https:\/\/www.hariduskeskus.ee\/rahvusvaheline\/wp-json\/wp\/v2\/users\/4"}],"replies":[{"embeddable":true,"href":"https:\/\/www.hariduskeskus.ee\/rahvusvaheline\/wp-json\/wp\/v2\/comments?post=6401"}],"version-history":[{"count":5,"href":"https:\/\/www.hariduskeskus.ee\/rahvusvaheline\/wp-json\/wp\/v2\/pages\/6401\/revisions"}],"predecessor-version":[{"id":9532,"href":"https:\/\/www.hariduskeskus.ee\/rahvusvaheline\/wp-json\/wp\/v2\/pages\/6401\/revisions\/9532"}],"up":[{"embeddable":true,"href":"https:\/\/www.hariduskeskus.ee\/rahvusvaheline\/wp-json\/wp\/v2\/pages\/1529"}],"wp:featuredmedia":[{"embeddable":true,"href":"https:\/\/www.hariduskeskus.ee\/rahvusvaheline\/wp-json\/wp\/v2\/media\/9346"}],"wp:attachment":[{"href":"https:\/\/www.hariduskeskus.ee\/rahvusvaheline\/wp-json\/wp\/v2\/media?parent=6401"}],"curies":[{"name":"wp","href":"https:\/\/api.w.org\/{rel}","templated":true}]}}