{"id":1565,"date":"2020-05-31T22:46:17","date_gmt":"2020-05-31T22:46:17","guid":{"rendered":"https:\/\/www.hariduskeskus.ee\/international\/?page_id=1565"},"modified":"2026-03-10T10:08:06","modified_gmt":"2026-03-10T10:08:06","slug":"kontaktid","status":"publish","type":"page","link":"https:\/\/www.hariduskeskus.ee\/rahvusvaheline\/kontaktid\/","title":{"rendered":"Kontaktid"},"content":{"rendered":"\t\t<div data-elementor-type=\"wp-page\" data-elementor-id=\"1565\" class=\"elementor elementor-1565\">\n\t\t\t\t\t\t<section class=\"penci-section penci-disSticky penci-structure-10 elementor-section elementor-top-section elementor-element elementor-element-065dfb0 elementor-section-boxed elementor-section-height-default elementor-section-height-default\" data-id=\"065dfb0\" data-element_type=\"section\" data-e-type=\"section\">\n\t\t\t\t\t\t<div class=\"elementor-container elementor-column-gap-default\">\n\t\t\t\t\t<div class=\"penci-ercol-100 penci-ercol-order-1 penci-sticky-ct    elementor-column elementor-col-100 elementor-top-column elementor-element elementor-element-7c665e7\" data-id=\"7c665e7\" data-element_type=\"column\" data-e-type=\"column\">\n\t\t\t<div class=\"elementor-widget-wrap elementor-element-populated\">\n\t\t\t\t\t\t<div class=\"elementor-element elementor-element-99ff95c elementor-widget elementor-widget-heading\" data-id=\"99ff95c\" data-element_type=\"widget\" data-e-type=\"widget\" data-widget_type=\"heading.default\">\n\t\t\t\t<div class=\"elementor-widget-container\">\n\t\t\t\t\t<h1 class=\"elementor-heading-title elementor-size-default\">Meeskond<\/h1>\t\t\t\t<\/div>\n\t\t\t\t<\/div>\n\t\t\t\t\t<\/div>\n\t\t<\/div>\n\t\t\t\t\t<\/div>\n\t\t<\/section>\n\t\t\t\t<section class=\"penci-section penci-disSticky penci-structure-30 elementor-section elementor-top-section elementor-element elementor-element-02c3c92 elementor-section-boxed elementor-section-height-default elementor-section-height-default\" data-id=\"02c3c92\" data-element_type=\"section\" data-e-type=\"section\">\n\t\t\t\t\t\t<div class=\"elementor-container elementor-column-gap-default\">\n\t\t\t\t\t<div class=\"penci-ercol-33 penci-ercol-order-1 penci-sticky-sb penci-sidebarSC   elementor-column elementor-col-33 elementor-top-column elementor-element elementor-element-bb279d3\" data-id=\"bb279d3\" data-element_type=\"column\" data-e-type=\"column\">\n\t\t\t<div class=\"elementor-widget-wrap elementor-element-populated\">\n\t\t\t\t\t\t<div class=\"elementor-element elementor-element-2187c74 elementor-position-top elementor-widget elementor-widget-image-box\" data-id=\"2187c74\" data-element_type=\"widget\" data-e-type=\"widget\" data-widget_type=\"image-box.default\">\n\t\t\t\t<div class=\"elementor-widget-container\">\n\t\t\t\t\t<div class=\"elementor-image-box-wrapper\"><figure class=\"elementor-image-box-img\"><a href=\"https:\/\/www.hariduskeskus.ee\/rahvusvaheline\/kontaktid\/thea-tammeleht-abraham\/\" tabindex=\"-1\"><img fetchpriority=\"high\" decoding=\"async\" width=\"1707\" height=\"2560\" src=\"https:\/\/www.hariduskeskus.ee\/rahvusvaheline\/wp-content\/uploads\/2026\/03\/T-15.09.25-1-Thea-scaled.jpg\" class=\"attachment-full size-full wp-image-9512\" alt=\"\" srcset=\"https:\/\/www.hariduskeskus.ee\/rahvusvaheline\/wp-content\/uploads\/2026\/03\/T-15.09.25-1-Thea-scaled.jpg 1707w, https:\/\/www.hariduskeskus.ee\/rahvusvaheline\/wp-content\/uploads\/2026\/03\/T-15.09.25-1-Thea-200x300.jpg 200w, https:\/\/www.hariduskeskus.ee\/rahvusvaheline\/wp-content\/uploads\/2026\/03\/T-15.09.25-1-Thea-683x1024.jpg 683w, https:\/\/www.hariduskeskus.ee\/rahvusvaheline\/wp-content\/uploads\/2026\/03\/T-15.09.25-1-Thea-100x150.jpg 100w, https:\/\/www.hariduskeskus.ee\/rahvusvaheline\/wp-content\/uploads\/2026\/03\/T-15.09.25-1-Thea-768x1152.jpg 768w, https:\/\/www.hariduskeskus.ee\/rahvusvaheline\/wp-content\/uploads\/2026\/03\/T-15.09.25-1-Thea-1024x1536.jpg 1024w, https:\/\/www.hariduskeskus.ee\/rahvusvaheline\/wp-content\/uploads\/2026\/03\/T-15.09.25-1-Thea-1365x2048.jpg 1365w, https:\/\/www.hariduskeskus.ee\/rahvusvaheline\/wp-content\/uploads\/2026\/03\/T-15.09.25-1-Thea-1920x2880.jpg 1920w, https:\/\/www.hariduskeskus.ee\/rahvusvaheline\/wp-content\/uploads\/2026\/03\/T-15.09.25-1-Thea-1170x1755.jpg 1170w, https:\/\/www.hariduskeskus.ee\/rahvusvaheline\/wp-content\/uploads\/2026\/03\/T-15.09.25-1-Thea-585x877.jpg 585w\" sizes=\"(max-width: 1707px) 100vw, 1707px\" \/><\/a><\/figure><\/div>\t\t\t\t<\/div>\n\t\t\t\t<\/div>\n\t\t\t\t<div class=\"elementor-element elementor-element-8ca3fc2 elementor-widget elementor-widget-text-editor\" data-id=\"8ca3fc2\" data-element_type=\"widget\" data-e-type=\"widget\" data-widget_type=\"text-editor.default\">\n\t\t\t\t<div class=\"elementor-widget-container\">\n\t\t\t\t\t\t\t\t\t<p><strong>Thea Tammeleht<\/strong><\/p><p>Arendusosakonna juhataja<\/p><p>Erasmus+ sissetulevate \u00f5pir\u00e4nnete koordinaator<\/p><p><a href=\"mailto:thea.tammeleht@hariduskeskus.ee\">thea.tammeleht@hariduskeskus.ee<\/a><\/p><p>+372 5665 9498<\/p>\t\t\t\t\t\t\t\t<\/div>\n\t\t\t\t<\/div>\n\t\t\t\t\t<\/div>\n\t\t<\/div>\n\t\t\t\t<div class=\"penci-ercol-33 penci-ercol-order-2 penci-sticky-sb penci-sidebarSC   elementor-column elementor-col-33 elementor-top-column elementor-element elementor-element-9ef67be\" data-id=\"9ef67be\" data-element_type=\"column\" data-e-type=\"column\">\n\t\t\t<div class=\"elementor-widget-wrap elementor-element-populated\">\n\t\t\t\t\t\t<div class=\"elementor-element elementor-element-aa3f266 elementor-widget__width-initial elementor-position-top elementor-widget elementor-widget-image-box\" data-id=\"aa3f266\" data-element_type=\"widget\" data-e-type=\"widget\" data-widget_type=\"image-box.default\">\n\t\t\t\t<div class=\"elementor-widget-container\">\n\t\t\t\t\t<div class=\"elementor-image-box-wrapper\"><figure class=\"elementor-image-box-img\"><img decoding=\"async\" width=\"1707\" height=\"2560\" src=\"https:\/\/www.hariduskeskus.ee\/rahvusvaheline\/wp-content\/uploads\/2026\/03\/K-15.09.25-3-scaled.jpg\" class=\"attachment-full size-full wp-image-9510\" alt=\"\" srcset=\"https:\/\/www.hariduskeskus.ee\/rahvusvaheline\/wp-content\/uploads\/2026\/03\/K-15.09.25-3-scaled.jpg 1707w, https:\/\/www.hariduskeskus.ee\/rahvusvaheline\/wp-content\/uploads\/2026\/03\/K-15.09.25-3-200x300.jpg 200w, https:\/\/www.hariduskeskus.ee\/rahvusvaheline\/wp-content\/uploads\/2026\/03\/K-15.09.25-3-683x1024.jpg 683w, https:\/\/www.hariduskeskus.ee\/rahvusvaheline\/wp-content\/uploads\/2026\/03\/K-15.09.25-3-100x150.jpg 100w, https:\/\/www.hariduskeskus.ee\/rahvusvaheline\/wp-content\/uploads\/2026\/03\/K-15.09.25-3-768x1152.jpg 768w, https:\/\/www.hariduskeskus.ee\/rahvusvaheline\/wp-content\/uploads\/2026\/03\/K-15.09.25-3-1024x1536.jpg 1024w, https:\/\/www.hariduskeskus.ee\/rahvusvaheline\/wp-content\/uploads\/2026\/03\/K-15.09.25-3-1365x2048.jpg 1365w, https:\/\/www.hariduskeskus.ee\/rahvusvaheline\/wp-content\/uploads\/2026\/03\/K-15.09.25-3-1920x2880.jpg 1920w, https:\/\/www.hariduskeskus.ee\/rahvusvaheline\/wp-content\/uploads\/2026\/03\/K-15.09.25-3-1170x1755.jpg 1170w, https:\/\/www.hariduskeskus.ee\/rahvusvaheline\/wp-content\/uploads\/2026\/03\/K-15.09.25-3-585x878.jpg 585w\" sizes=\"(max-width: 1707px) 100vw, 1707px\" \/><\/figure><\/div>\t\t\t\t<\/div>\n\t\t\t\t<\/div>\n\t\t\t\t<div class=\"elementor-element elementor-element-327649f elementor-widget elementor-widget-text-editor\" data-id=\"327649f\" data-element_type=\"widget\" data-e-type=\"widget\" data-widget_type=\"text-editor.default\">\n\t\t\t\t<div class=\"elementor-widget-container\">\n\t\t\t\t\t\t\t\t\t<p>\u00a0<\/p><p><strong>Karmen Torin<\/strong><\/p><p>Erasmus+ projekti koordinaator<\/p><p><a href=\"mailto:karmen.torin@hariduskeskus.ee\">karmen.torin@hariduskeskus.ee<\/a><\/p><p>+372 5648 2347<\/p>\t\t\t\t\t\t\t\t<\/div>\n\t\t\t\t<\/div>\n\t\t\t\t\t<\/div>\n\t\t<\/div>\n\t\t\t\t<div class=\"penci-ercol-33 penci-ercol-order-3 penci-sticky-sb penci-sidebarSC   elementor-column elementor-col-33 elementor-top-column elementor-element elementor-element-b856267\" data-id=\"b856267\" data-element_type=\"column\" data-e-type=\"column\">\n\t\t\t<div class=\"elementor-widget-wrap elementor-element-populated\">\n\t\t\t\t\t\t<div class=\"elementor-element elementor-element-3e93751 elementor-position-top elementor-widget elementor-widget-image-box\" data-id=\"3e93751\" data-element_type=\"widget\" data-e-type=\"widget\" data-widget_type=\"image-box.default\">\n\t\t\t\t<div class=\"elementor-widget-container\">\n\t\t\t\t\t<div class=\"elementor-image-box-wrapper\"><figure class=\"elementor-image-box-img\"><a href=\"https:\/\/www.hariduskeskus.ee\/rahvusvaheline\/kontaktid\/teele-luks-2\/\" tabindex=\"-1\"><img decoding=\"async\" width=\"600\" height=\"900\" src=\"https:\/\/www.hariduskeskus.ee\/rahvusvaheline\/wp-content\/uploads\/2025\/10\/Siret_Ollino_600x900.webp\" class=\"attachment-full size-full wp-image-9470\" alt=\"\" srcset=\"https:\/\/www.hariduskeskus.ee\/rahvusvaheline\/wp-content\/uploads\/2025\/10\/Siret_Ollino_600x900.webp 600w, https:\/\/www.hariduskeskus.ee\/rahvusvaheline\/wp-content\/uploads\/2025\/10\/Siret_Ollino_600x900-200x300.webp 200w, https:\/\/www.hariduskeskus.ee\/rahvusvaheline\/wp-content\/uploads\/2025\/10\/Siret_Ollino_600x900-100x150.webp 100w, https:\/\/www.hariduskeskus.ee\/rahvusvaheline\/wp-content\/uploads\/2025\/10\/Siret_Ollino_600x900-585x878.webp 585w\" sizes=\"(max-width: 600px) 100vw, 600px\" \/><\/a><\/figure><\/div>\t\t\t\t<\/div>\n\t\t\t\t<\/div>\n\t\t\t\t<div class=\"elementor-element elementor-element-4ddc6f9 elementor-widget-tablet__width-initial elementor-widget elementor-widget-text-editor\" data-id=\"4ddc6f9\" data-element_type=\"widget\" data-e-type=\"widget\" data-widget_type=\"text-editor.default\">\n\t\t\t\t<div class=\"elementor-widget-container\">\n\t\t\t\t\t\t\t\t\t<p><b>Siret Ollino<\/b><\/p><p>Projektide koordinaator<\/p><p><a href=\"mailto:siret.ollino@hariduskeskus.ee\"><span style=\"color: #008000;\">siret.ollino@hariduskeskus.ee<\/span><\/a><\/p><p>+372 5649 5880<\/p>\t\t\t\t\t\t\t\t<\/div>\n\t\t\t\t<\/div>\n\t\t\t\t\t<\/div>\n\t\t<\/div>\n\t\t\t\t\t<\/div>\n\t\t<\/section>\n\t\t\t\t<section class=\"penci-section penci-disSticky penci-structure-10 elementor-section elementor-top-section elementor-element elementor-element-1e64a54 elementor-section-boxed elementor-section-height-default elementor-section-height-default\" data-id=\"1e64a54\" data-element_type=\"section\" data-e-type=\"section\">\n\t\t\t\t\t\t<div class=\"elementor-container elementor-column-gap-default\">\n\t\t\t\t\t<div class=\"penci-ercol-100 penci-ercol-order-1 penci-sticky-ct    elementor-column elementor-col-100 elementor-top-column elementor-element elementor-element-8a23817\" data-id=\"8a23817\" data-element_type=\"column\" data-e-type=\"column\">\n\t\t\t<div class=\"elementor-widget-wrap elementor-element-populated\">\n\t\t\t\t\t\t<section class=\"penci-section penci-disSticky penci-structure-20 elementor-section elementor-inner-section elementor-element elementor-element-5b09e59 elementor-section-boxed elementor-section-height-default elementor-section-height-default\" data-id=\"5b09e59\" data-element_type=\"section\" data-e-type=\"section\">\n\t\t\t\t\t\t<div class=\"elementor-container elementor-column-gap-default\">\n\t\t\t\t\t<div class=\"penci-ercol-50 penci-ercol-order-1 penci-sticky-ct    elementor-column elementor-col-50 elementor-inner-column elementor-element elementor-element-d920b81\" data-id=\"d920b81\" data-element_type=\"column\" data-e-type=\"column\">\n\t\t\t<div class=\"elementor-widget-wrap elementor-element-populated\">\n\t\t\t\t\t\t<div class=\"elementor-element elementor-element-ec509aa elementor-widget elementor-widget-heading\" data-id=\"ec509aa\" data-element_type=\"widget\" data-e-type=\"widget\" data-widget_type=\"heading.default\">\n\t\t\t\t<div class=\"elementor-widget-container\">\n\t\t\t\t\t<h2 class=\"elementor-heading-title elementor-size-default\">\u00dcldandmed<\/h2>\t\t\t\t<\/div>\n\t\t\t\t<\/div>\n\t\t\t\t<div class=\"elementor-element elementor-element-8c1e851 elementor-widget elementor-widget-text-editor\" data-id=\"8c1e851\" data-element_type=\"widget\" data-e-type=\"widget\" data-widget_type=\"text-editor.default\">\n\t\t\t\t<div class=\"elementor-widget-container\">\n\t\t\t\t\t\t\t\t\t<p><b>P\u00e4rnumaa Kutsehariduskeskus<\/b><\/p>\n<p>Registrikood: 7006369<\/p>\n<p>OID: E10050619<\/p>\n<p><br><\/p>\n<p><br><\/p>\t\t\t\t\t\t\t\t<\/div>\n\t\t\t\t<\/div>\n\t\t\t\t<div class=\"elementor-element elementor-element-c63f08a elementor-widget-tablet__width-initial elementor-widget elementor-widget-image\" data-id=\"c63f08a\" data-element_type=\"widget\" data-e-type=\"widget\" data-widget_type=\"image.default\">\n\t\t\t\t<div class=\"elementor-widget-container\">\n\t\t\t\t\t\t\t\t\t\t\t\t\t\t\t<img loading=\"lazy\" decoding=\"async\" width=\"300\" height=\"225\" src=\"https:\/\/www.hariduskeskus.ee\/rahvusvaheline\/wp-content\/uploads\/2020\/07\/Kooli-peasissep\u00e4\u00e4s-300x225.jpg\" class=\"attachment-medium size-medium wp-image-2464\" alt=\"\" srcset=\"https:\/\/www.hariduskeskus.ee\/rahvusvaheline\/wp-content\/uploads\/2020\/07\/Kooli-peasissep\u00e4\u00e4s-300x225.jpg 300w, https:\/\/www.hariduskeskus.ee\/rahvusvaheline\/wp-content\/uploads\/2020\/07\/Kooli-peasissep\u00e4\u00e4s-1024x768.jpg 1024w, https:\/\/www.hariduskeskus.ee\/rahvusvaheline\/wp-content\/uploads\/2020\/07\/Kooli-peasissep\u00e4\u00e4s-768x576.jpg 768w, https:\/\/www.hariduskeskus.ee\/rahvusvaheline\/wp-content\/uploads\/2020\/07\/Kooli-peasissep\u00e4\u00e4s-1536x1152.jpg 1536w, https:\/\/www.hariduskeskus.ee\/rahvusvaheline\/wp-content\/uploads\/2020\/07\/Kooli-peasissep\u00e4\u00e4s-2048x1536.jpg 2048w, https:\/\/www.hariduskeskus.ee\/rahvusvaheline\/wp-content\/uploads\/2020\/07\/Kooli-peasissep\u00e4\u00e4s-1920x1440.jpg 1920w, https:\/\/www.hariduskeskus.ee\/rahvusvaheline\/wp-content\/uploads\/2020\/07\/Kooli-peasissep\u00e4\u00e4s-1170x878.jpg 1170w, https:\/\/www.hariduskeskus.ee\/rahvusvaheline\/wp-content\/uploads\/2020\/07\/Kooli-peasissep\u00e4\u00e4s-585x439.jpg 585w\" sizes=\"(max-width: 300px) 100vw, 300px\" \/>\t\t\t\t\t\t\t\t\t\t\t\t\t\t\t<\/div>\n\t\t\t\t<\/div>\n\t\t\t\t\t<\/div>\n\t\t<\/div>\n\t\t\t\t<div class=\"penci-ercol-50 penci-ercol-order-2 penci-sticky-ct    elementor-column elementor-col-50 elementor-inner-column elementor-element elementor-element-37d85f6\" data-id=\"37d85f6\" data-element_type=\"column\" data-e-type=\"column\">\n\t\t\t<div class=\"elementor-widget-wrap elementor-element-populated\">\n\t\t\t\t\t\t<div class=\"elementor-element elementor-element-ec6e4f1 elementor-widget elementor-widget-heading\" data-id=\"ec6e4f1\" data-element_type=\"widget\" data-e-type=\"widget\" data-widget_type=\"heading.default\">\n\t\t\t\t<div class=\"elementor-widget-container\">\n\t\t\t\t\t<h2 class=\"elementor-heading-title elementor-size-default\">Kontaktid<\/h2>\t\t\t\t<\/div>\n\t\t\t\t<\/div>\n\t\t\t\t<div class=\"elementor-element elementor-element-a1ef378 elementor-widget-tablet__width-initial elementor-widget elementor-widget-text-editor\" data-id=\"a1ef378\" data-element_type=\"widget\" data-e-type=\"widget\" data-widget_type=\"text-editor.default\">\n\t\t\t\t<div class=\"elementor-widget-container\">\n\t\t\t\t\t\t\t\t\t<p>\u00dcldtelefon (+372) 442 7888<br \/>A-korpuse valvelaud (+372) 445 9464<br \/>\u00d5pilaskodu valvelaud (+372) 445 1965<br \/>Raamatukogu (+372) 445 1954<br \/>K\u00f5igi t\u00f6\u00f6tajate kontaktid <span style=\"color: #008000;\"><strong>(<a style=\"color: #008000;\" href=\"https:\/\/ois.hariduskeskus.ee\/veebivormid\/kiosk\/kontaktid?osakond=koik_tootajad\" target=\"_blank\" rel=\"noopener\">link<\/a>)<\/strong><\/span><strong style=\"color: #008000; font-family: inherit; font-size: inherit; text-align: inherit;\">\u00a0<\/strong><\/p>\t\t\t\t\t\t\t\t<\/div>\n\t\t\t\t<\/div>\n\t\t\t\t<div class=\"elementor-element elementor-element-c1ae6fc elementor-widget elementor-widget-google_maps\" data-id=\"c1ae6fc\" data-element_type=\"widget\" data-e-type=\"widget\" data-widget_type=\"google_maps.default\">\n\t\t\t\t<div class=\"elementor-widget-container\">\n\t\t\t\t\t\t\t<div class=\"elementor-custom-embed\">\n\t\t\t<iframe loading=\"lazy\"\n\t\t\t\t\tsrc=\"https:\/\/maps.google.com\/maps?q=P%C3%A4rnumaa%20Kutsehariduskeskus&#038;t=m&#038;z=10&#038;output=embed&#038;iwloc=near\"\n\t\t\t\t\ttitle=\"P\u00e4rnumaa Kutsehariduskeskus\"\n\t\t\t\t\taria-label=\"P\u00e4rnumaa Kutsehariduskeskus\"\n\t\t\t><\/iframe>\n\t\t<\/div>\n\t\t\t\t\t\t<\/div>\n\t\t\t\t<\/div>\n\t\t\t\t\t<\/div>\n\t\t<\/div>\n\t\t\t\t\t<\/div>\n\t\t<\/section>\n\t\t\t\t\t<\/div>\n\t\t<\/div>\n\t\t\t\t\t<\/div>\n\t\t<\/section>\n\t\t\t\t<\/div>\n\t\t","protected":false},"excerpt":{"rendered":"<p>Meeskond Thea Tammeleht Arendusosakonna juhataja Erasmus+ sissetulevate \u00f5pir\u00e4nnete koordinaator thea.tammeleht@hariduskeskus.ee +372 5665 9498 \u00a0 Karmen Torin Erasmus+ projekti koordinaator karmen.torin@hariduskeskus.ee&hellip;<\/p>\n","protected":false},"author":4,"featured_media":9346,"parent":0,"menu_order":0,"comment_status":"closed","ping_status":"closed","template":"","meta":{"_lmt_disableupdate":"no","_lmt_disable":"","footnotes":""},"class_list":["post-1565","page","type-page","status-publish","has-post-thumbnail","hentry"],"_links":{"self":[{"href":"https:\/\/www.hariduskeskus.ee\/rahvusvaheline\/wp-json\/wp\/v2\/pages\/1565","targetHints":{"allow":["GET"]}}],"collection":[{"href":"https:\/\/www.hariduskeskus.ee\/rahvusvaheline\/wp-json\/wp\/v2\/pages"}],"about":[{"href":"https:\/\/www.hariduskeskus.ee\/rahvusvaheline\/wp-json\/wp\/v2\/types\/page"}],"author":[{"embeddable":true,"href":"https:\/\/www.hariduskeskus.ee\/rahvusvaheline\/wp-json\/wp\/v2\/users\/4"}],"replies":[{"embeddable":true,"href":"https:\/\/www.hariduskeskus.ee\/rahvusvaheline\/wp-json\/wp\/v2\/comments?post=1565"}],"version-history":[{"count":5,"href":"https:\/\/www.hariduskeskus.ee\/rahvusvaheline\/wp-json\/wp\/v2\/pages\/1565\/revisions"}],"predecessor-version":[{"id":9515,"href":"https:\/\/www.hariduskeskus.ee\/rahvusvaheline\/wp-json\/wp\/v2\/pages\/1565\/revisions\/9515"}],"wp:featuredmedia":[{"embeddable":true,"href":"https:\/\/www.hariduskeskus.ee\/rahvusvaheline\/wp-json\/wp\/v2\/media\/9346"}],"wp:attachment":[{"href":"https:\/\/www.hariduskeskus.ee\/rahvusvaheline\/wp-json\/wp\/v2\/media?parent=1565"}],"curies":[{"name":"wp","href":"https:\/\/api.w.org\/{rel}","templated":true}]}}