{"id":1514,"date":"2020-05-27T01:37:35","date_gmt":"2020-05-27T01:37:35","guid":{"rendered":"https:\/\/www.hariduskeskus.ee\/international\/?page_id=1514"},"modified":"2024-01-31T12:07:36","modified_gmt":"2024-01-31T12:07:36","slug":"koostoovorgustik","status":"publish","type":"page","link":"https:\/\/www.hariduskeskus.ee\/rahvusvaheline\/koostoovorgustik\/","title":{"rendered":"Koost\u00f6\u00f6v\u00f5rgustik"},"content":{"rendered":"\t\t<div data-elementor-type=\"wp-page\" data-elementor-id=\"1514\" class=\"elementor elementor-1514\">\n\t\t\t\t\t\t<section class=\"penci-section penci-disSticky penci-structure-10 elementor-section elementor-top-section elementor-element elementor-element-130ffd8 elementor-section-boxed elementor-section-height-default elementor-section-height-default\" data-id=\"130ffd8\" data-element_type=\"section\" data-e-type=\"section\">\n\t\t\t\t\t\t<div class=\"elementor-container elementor-column-gap-default\">\n\t\t\t\t\t<div class=\"penci-ercol-100 penci-ercol-order-1 penci-sticky-ct    elementor-column elementor-col-100 elementor-top-column elementor-element elementor-element-a25ae79\" data-id=\"a25ae79\" data-element_type=\"column\" data-e-type=\"column\">\n\t\t\t<div class=\"elementor-widget-wrap elementor-element-populated\">\n\t\t\t\t\t\t<div class=\"elementor-element elementor-element-651475a elementor-widget elementor-widget-text-editor\" data-id=\"651475a\" data-element_type=\"widget\" data-e-type=\"widget\" data-widget_type=\"text-editor.default\">\n\t\t\t\t<div class=\"elementor-widget-container\">\n\t\t\t\t\t\t\t\t\t<p>P\u00e4rnumaa Kutsehariduskeskus on uuendusmeelne kutsekool, mis on avatud koost\u00f6\u00f6le igal tasandil, sealhulgas rahvusvaheliselt. Kooli igap\u00e4evases tegevuses on rahvusvahelisel tegevusel oluline osa &#8211; seda nii t\u00f6\u00f6tajate professionaalse arengu toetamisel, \u00f5ppurite praktikate sooritamisel v\u00e4ljaspool Eestit kui \u00f5ppe- ja kasvatust\u00f6\u00f6 ning taristu arendamisel. <br><a href=\"https:\/\/drive.google.com\/file\/d\/1aJij_yxXQT9I-X2XmJKlQc1zodtMXXRO\/view?usp=sharing\"><strong><span style=\"color: #008000;\">Kooli rahvusvahelistumise strateegia<\/span><\/strong><\/a> m\u00e4\u00e4ratleb rahvusvahelise koost\u00f6\u00f6ga seonduvad p\u00f5him\u00f5tted, v\u00f5ttes arvesse Euroopa kutseharidusest tulenevaid uusi v\u00e4ljakutseid ja v\u00f5imalusi. Rahvusvahelistumise strateegia elluviimist ja rahvusvahelist koost\u00f6\u00f6d juhib arendusosakonna juhataja, projektit\u00f6\u00f6d koordineerib projektide koordinaator ning projekte aitavad ellu viia <strong><span style=\"color: #008000;\"><a style=\"color: #008000;\" href=\"https:\/\/www.hariduskeskus.ee\/rahvusvaheline\/kontaktid\/\">projektijuhid<\/a>.<\/span><\/strong><\/p>\t\t\t\t\t\t\t\t<\/div>\n\t\t\t\t<\/div>\n\t\t\t\t\t<\/div>\n\t\t<\/div>\n\t\t\t\t\t<\/div>\n\t\t<\/section>\n\t\t\t\t<section class=\"penci-section penci-disSticky penci-structure-10 elementor-section elementor-top-section elementor-element elementor-element-41b6eda elementor-section-boxed elementor-section-height-default elementor-section-height-default\" data-id=\"41b6eda\" data-element_type=\"section\" data-e-type=\"section\">\n\t\t\t\t\t\t<div class=\"elementor-container elementor-column-gap-default\">\n\t\t\t\t\t<div class=\"penci-ercol-100 penci-ercol-order-1 penci-sticky-ct    elementor-column elementor-col-100 elementor-top-column elementor-element elementor-element-c1dfd59\" data-id=\"c1dfd59\" data-element_type=\"column\" data-e-type=\"column\">\n\t\t\t<div class=\"elementor-widget-wrap elementor-element-populated\">\n\t\t\t\t\t\t<div class=\"elementor-element elementor-element-b5529fa elementor-widget elementor-widget-text-editor\" data-id=\"b5529fa\" data-element_type=\"widget\" data-e-type=\"widget\" data-widget_type=\"text-editor.default\">\n\t\t\t\t<div class=\"elementor-widget-container\">\n\t\t\t\t\t\t\t\t\t<p><strong>P\u00e4rnumaa Kutsehariduskeskuse rahvusvahelistumise strateegia \u00fcldeesm\u00e4rgid on:<\/strong><\/p><p>1. Rahvusvahelise koost\u00f6\u00f6 edendamine, \u00fcksteiselt \u00f5ppimine ja kogemuste vahetamine, parimate praktikate jagamine ja rakendamine ning seel\u00e4bi kooli konkurentsiv\u00f5ime t\u00f5stmine.<br \/>2. Rahvusvaheliste partnerlussuhete arendamine kooli ja organisatsioonide, avaliku ja erasektori vahel, kutsealaste v\u00f5rgustike t\u00f6\u00f6s osalemine ja nende arendamine.<br \/>3. \u00d5ppe- ja kasvatust\u00f6\u00f6 kvaliteedi parandamine ja kutse\u00f5ppe j\u00e4rjepidevalt kaasaegsena hoidmine, koost\u00f6\u00f6s rahvusvaheliste partneritega uuenduslike ja vajalike lahenduste loomine, ellu rakendamine v\u00f5i \u00fclev\u00f5tmine hariduses.<br \/>4. Koost\u00f6\u00f6 ja kogemuste vahetuse edendamine rahvusvaheliste kutseharidusasutuste ja t\u00f6\u00f6maailma esindajate vahel, et seel\u00e4bi toetada haridust\u00f6\u00f6tajate professionaalset arengut ning parandada kutse\u00f5ppe kvaliteeti.<br \/>5. Kutsehariduse kvaliteedi ja atraktiivsuse t\u00f5stmine ning kutse\u00f5ppe taseme \u00fchtlustamine Euroopa haridusruumiga, et tagada l\u00f5petamisel \u00f5ppurite vastavus nii Eesti kui Euroopa t\u00f6\u00f6turu vajadustele.<br \/>6. Tugevdada \u00f5petamise ja \u00f5ppimise Euroopa m\u00f5\u00f5det, edendada selliseid v\u00e4\u00e4rtusi nagu kaasamine, mitmekesisus ja sallivus.<\/p><p>Meie koolil on\u00a0<a href=\"https:\/\/drive.google.com\/file\/d\/1KEsQzDrFtOfjfAUPmnn8lbhRZykEyhrQ\/view?usp=sharing\"><b><span style=\"color: #38761d;\">Erasmuse akrediteering<\/span><\/b> <\/a>kutsehariduse valdkonnas ning oleme tunnustatud kui<b>\u00a0<a href=\"https:\/\/drive.google.com\/file\/d\/1IZeDAgIsdCmKc3JINtOnb8tSeAgT3VWz\/view?usp=sharing\"><span style=\"color: #38761d;\">tipptasemel \u00f5pir\u00e4nnete korraldaja<\/span><\/a><\/b><span style=\"color: #38761d;\">.\u00a0<\/span>S\u00fcsteemne \u00f5pir\u00e4nnete korraldamine osa P\u00e4rnumaa Kutsehariduskeskuse strateegilisest arendamisest ning meil on selles pikaajalised eesm\u00e4rgid. Tipptaseme m\u00e4rgisega tunnustatakse kutse\u00f5ppeasutusi, kes on olnud edukad kvaliteetse \u00f5pir\u00e4nde korraldamises oma \u00f5pilastele ja t\u00f6\u00f6tajatele. Selle eesm\u00e4rk on toetada saatvate organisatsioonide \u00f5pir\u00e4nde korraldamise suutlikkuse kasvu, j\u00e4tkates samal ajal \u00f5pir\u00e4nde kvaliteedi tunnustamist ning arendamist.<\/p><p>P\u00e4rnumaa Kutsehariduskeskusel on koost\u00f6\u00f6partnereid ettev\u00f5tete ja haridusasutuste hulgas \u00fcle Euroopa. Alloleval kaardil on kajastatud meie koost\u00f6\u00f6v\u00f5rgustik.<\/p>\t\t\t\t\t\t\t\t<\/div>\n\t\t\t\t<\/div>\n\t\t\t\t\t<\/div>\n\t\t<\/div>\n\t\t\t\t\t<\/div>\n\t\t<\/section>\n\t\t\t\t<section class=\"penci-section penci-disSticky penci-structure-10 elementor-section elementor-top-section elementor-element elementor-element-db89431 elementor-section-boxed elementor-section-height-default elementor-section-height-default\" data-id=\"db89431\" data-element_type=\"section\" data-e-type=\"section\">\n\t\t\t\t\t\t<div class=\"elementor-container elementor-column-gap-default\">\n\t\t\t\t\t<div class=\"penci-ercol-100 penci-ercol-order-1 penci-sticky-ct    elementor-column elementor-col-100 elementor-top-column elementor-element elementor-element-1192a9d\" data-id=\"1192a9d\" data-element_type=\"column\" data-e-type=\"column\">\n\t\t\t<div class=\"elementor-widget-wrap elementor-element-populated\">\n\t\t\t\t\t\t<div class=\"elementor-element elementor-element-b539daf elementor-widget elementor-widget-shortcode\" data-id=\"b539daf\" data-element_type=\"widget\" data-e-type=\"widget\" data-widget_type=\"shortcode.default\">\n\t\t\t\t<div class=\"elementor-widget-container\">\n\t\t\t\t\t\t\t<div class=\"elementor-shortcode\"><iframe src=\"https:\/\/www.google.com\/maps\/d\/u\/1\/embed?mid=1KzW_9ZWoF6ofURLugDMlwIaiPVEGV3sU\" width=\"640\" height=\"480\"><\/iframe><\/div>\n\t\t\t\t\t\t<\/div>\n\t\t\t\t<\/div>\n\t\t\t\t\t<\/div>\n\t\t<\/div>\n\t\t\t\t\t<\/div>\n\t\t<\/section>\n\t\t\t\t<\/div>\n\t\t","protected":false},"excerpt":{"rendered":"<p>P\u00e4rnumaa Kutsehariduskeskus on uuendusmeelne kutsekool, mis on avatud koost\u00f6\u00f6le igal tasandil, sealhulgas rahvusvaheliselt. Kooli igap\u00e4evases tegevuses on rahvusvahelisel tegevusel oluline&hellip;<\/p>\n","protected":false},"author":4,"featured_media":9346,"parent":0,"menu_order":0,"comment_status":"closed","ping_status":"closed","template":"page-sidebar.php","meta":{"_lmt_disableupdate":"","_lmt_disable":"","footnotes":""},"class_list":["post-1514","page","type-page","status-publish","has-post-thumbnail","hentry"],"_links":{"self":[{"href":"https:\/\/www.hariduskeskus.ee\/rahvusvaheline\/wp-json\/wp\/v2\/pages\/1514","targetHints":{"allow":["GET"]}}],"collection":[{"href":"https:\/\/www.hariduskeskus.ee\/rahvusvaheline\/wp-json\/wp\/v2\/pages"}],"about":[{"href":"https:\/\/www.hariduskeskus.ee\/rahvusvaheline\/wp-json\/wp\/v2\/types\/page"}],"author":[{"embeddable":true,"href":"https:\/\/www.hariduskeskus.ee\/rahvusvaheline\/wp-json\/wp\/v2\/users\/4"}],"replies":[{"embeddable":true,"href":"https:\/\/www.hariduskeskus.ee\/rahvusvaheline\/wp-json\/wp\/v2\/comments?post=1514"}],"version-history":[{"count":5,"href":"https:\/\/www.hariduskeskus.ee\/rahvusvaheline\/wp-json\/wp\/v2\/pages\/1514\/revisions"}],"predecessor-version":[{"id":7765,"href":"https:\/\/www.hariduskeskus.ee\/rahvusvaheline\/wp-json\/wp\/v2\/pages\/1514\/revisions\/7765"}],"wp:featuredmedia":[{"embeddable":true,"href":"https:\/\/www.hariduskeskus.ee\/rahvusvaheline\/wp-json\/wp\/v2\/media\/9346"}],"wp:attachment":[{"href":"https:\/\/www.hariduskeskus.ee\/rahvusvaheline\/wp-json\/wp\/v2\/media?parent=1514"}],"curies":[{"name":"wp","href":"https:\/\/api.w.org\/{rel}","templated":true}]}}